{"id":534,"date":"2026-02-12T14:14:09","date_gmt":"2026-02-12T14:14:09","guid":{"rendered":"https:\/\/benandsallys.com\/?post_type=product&#038;p=534"},"modified":"2026-03-02T21:07:23","modified_gmt":"2026-03-02T21:07:23","slug":"plateau-vegetarien","status":"publish","type":"product","link":"https:\/\/benandsallys.com\/en\/product\/plateau-vegetarien\/","title":{"rendered":"Vegetarian Platter"},"content":{"rendered":"<p data-start=\"0\" data-end=\"26\">For 10\u201312 people<\/p>\n<p data-start=\"28\" data-end=\"183\">Contains only The Veg \u2014 tomato, cucumber, shallots, pickles, lettuce, provolone, pickled apples, mayonnaise, and maple-sage vinaigrette.<\/p>\n<p data-start=\"185\" data-end=\"219\" data-is-last-node=\"\" data-is-only-node=\"\">Dressings and condiments on the side.<\/p>","protected":false},"excerpt":{"rendered":"<p>Pour 10\u201312 personnes Contient uniquement Le Veg \u2014 tomate, concombre, \u00e9chalotes, cornichons, laitue, provolone, pommes marin\u00e9es, mayonnaise et vinaigrette \u00e9rable et sauge. Vinaigrettes et condiments \u00e0 part.<\/p>","protected":false},"featured_media":607,"comment_status":"closed","ping_status":"closed","template":"","meta":{"_et_pb_use_builder":"","_et_pb_old_content":"","_et_gb_content_width":""},"product_brand":[],"product_cat":[25],"product_tag":[],"class_list":{"0":"post-534","1":"product","2":"type-product","3":"status-publish","4":"has-post-thumbnail","6":"product_cat-plateaux","8":"first","9":"instock","10":"taxable","11":"shipping-taxable","12":"purchasable","13":"product-type-simple"},"jetpack_sharing_enabled":true,"_links":{"self":[{"href":"https:\/\/benandsallys.com\/en\/wp-json\/wp\/v2\/product\/534","targetHints":{"allow":["GET"]}}],"collection":[{"href":"https:\/\/benandsallys.com\/en\/wp-json\/wp\/v2\/product"}],"about":[{"href":"https:\/\/benandsallys.com\/en\/wp-json\/wp\/v2\/types\/product"}],"replies":[{"embeddable":true,"href":"https:\/\/benandsallys.com\/en\/wp-json\/wp\/v2\/comments?post=534"}],"wp:featuredmedia":[{"embeddable":true,"href":"https:\/\/benandsallys.com\/en\/wp-json\/wp\/v2\/media\/607"}],"wp:attachment":[{"href":"https:\/\/benandsallys.com\/en\/wp-json\/wp\/v2\/media?parent=534"}],"wp:term":[{"taxonomy":"product_brand","embeddable":true,"href":"https:\/\/benandsallys.com\/en\/wp-json\/wp\/v2\/product_brand?post=534"},{"taxonomy":"product_cat","embeddable":true,"href":"https:\/\/benandsallys.com\/en\/wp-json\/wp\/v2\/product_cat?post=534"},{"taxonomy":"product_tag","embeddable":true,"href":"https:\/\/benandsallys.com\/en\/wp-json\/wp\/v2\/product_tag?post=534"}],"curies":[{"name":"wp","href":"https:\/\/api.w.org\/{rel}","templated":true}]}}