{"id":539,"date":"2026-02-12T14:14:01","date_gmt":"2026-02-12T14:14:01","guid":{"rendered":"https:\/\/benandsallys.com\/?post_type=product&#038;p=539"},"modified":"2026-02-12T16:59:58","modified_gmt":"2026-02-12T16:59:58","slug":"plateau-de-desserts","status":"publish","type":"product","link":"https:\/\/benandsallys.com\/en\/product\/plateau-de-desserts\/","title":{"rendered":"Dessert Platter"},"content":{"rendered":"<p>For 8-10 people<br \/>\nA mix of homemade chocolate chip cookies and Rice Krispie squares.<\/p>","protected":false},"excerpt":{"rendered":"<p>(Pour environ 8\u201310 personnes) Un m\u00e9lange de biscuits aux p\u00e9pites de chocolat maison et carr\u00e9s Rice Krispy.<\/p>","protected":false},"featured_media":606,"comment_status":"closed","ping_status":"closed","template":"","meta":{"_et_pb_use_builder":"","_et_pb_old_content":"","_et_gb_content_width":""},"product_brand":[],"product_cat":[27,25],"product_tag":[],"class_list":{"0":"post-539","1":"product","2":"type-product","3":"status-publish","4":"has-post-thumbnail","6":"product_cat-desserts","7":"product_cat-plateaux","9":"first","10":"instock","11":"taxable","12":"shipping-taxable","13":"purchasable","14":"product-type-simple"},"jetpack_sharing_enabled":true,"_links":{"self":[{"href":"https:\/\/benandsallys.com\/en\/wp-json\/wp\/v2\/product\/539","targetHints":{"allow":["GET"]}}],"collection":[{"href":"https:\/\/benandsallys.com\/en\/wp-json\/wp\/v2\/product"}],"about":[{"href":"https:\/\/benandsallys.com\/en\/wp-json\/wp\/v2\/types\/product"}],"replies":[{"embeddable":true,"href":"https:\/\/benandsallys.com\/en\/wp-json\/wp\/v2\/comments?post=539"}],"wp:featuredmedia":[{"embeddable":true,"href":"https:\/\/benandsallys.com\/en\/wp-json\/wp\/v2\/media\/606"}],"wp:attachment":[{"href":"https:\/\/benandsallys.com\/en\/wp-json\/wp\/v2\/media?parent=539"}],"wp:term":[{"taxonomy":"product_brand","embeddable":true,"href":"https:\/\/benandsallys.com\/en\/wp-json\/wp\/v2\/product_brand?post=539"},{"taxonomy":"product_cat","embeddable":true,"href":"https:\/\/benandsallys.com\/en\/wp-json\/wp\/v2\/product_cat?post=539"},{"taxonomy":"product_tag","embeddable":true,"href":"https:\/\/benandsallys.com\/en\/wp-json\/wp\/v2\/product_tag?post=539"}],"curies":[{"name":"wp","href":"https:\/\/api.w.org\/{rel}","templated":true}]}}