{"id":643,"date":"2026-03-02T14:07:31","date_gmt":"2026-03-02T14:07:31","guid":{"rendered":"https:\/\/benandsallys.com\/?post_type=product&#038;p=643"},"modified":"2026-03-02T14:17:20","modified_gmt":"2026-03-02T14:17:20","slug":"combo-moyen","status":"publish","type":"product","link":"https:\/\/benandsallys.com\/en\/product\/combo-moyen\/","title":{"rendered":"Medium Combo"},"content":{"rendered":"<p>Up to 10 people<\/p>\n<p>Classic sandwich platter<br \/>\nCrudit\u00e9s platter<br \/>\nDessert platter<br \/>\nCaesar Salad<\/p>","protected":false},"excerpt":{"rendered":"<p>Jusqu\u2019\u00e0 10 personnes Un plateau de sandwichs Plateau de crudit\u00e9s Plateau de desserts Salade C\u00e9sar<\/p>","protected":false},"featured_media":607,"comment_status":"closed","ping_status":"closed","template":"","meta":{"_et_pb_use_builder":"","_et_pb_old_content":"","_et_gb_content_width":""},"product_brand":[],"product_cat":[40],"product_tag":[],"class_list":{"0":"post-643","1":"product","2":"type-product","3":"status-publish","4":"has-post-thumbnail","6":"product_cat-combo","8":"first","9":"instock","10":"taxable","11":"shipping-taxable","12":"purchasable","13":"product-type-simple"},"jetpack_sharing_enabled":true,"_links":{"self":[{"href":"https:\/\/benandsallys.com\/en\/wp-json\/wp\/v2\/product\/643","targetHints":{"allow":["GET"]}}],"collection":[{"href":"https:\/\/benandsallys.com\/en\/wp-json\/wp\/v2\/product"}],"about":[{"href":"https:\/\/benandsallys.com\/en\/wp-json\/wp\/v2\/types\/product"}],"replies":[{"embeddable":true,"href":"https:\/\/benandsallys.com\/en\/wp-json\/wp\/v2\/comments?post=643"}],"wp:featuredmedia":[{"embeddable":true,"href":"https:\/\/benandsallys.com\/en\/wp-json\/wp\/v2\/media\/607"}],"wp:attachment":[{"href":"https:\/\/benandsallys.com\/en\/wp-json\/wp\/v2\/media?parent=643"}],"wp:term":[{"taxonomy":"product_brand","embeddable":true,"href":"https:\/\/benandsallys.com\/en\/wp-json\/wp\/v2\/product_brand?post=643"},{"taxonomy":"product_cat","embeddable":true,"href":"https:\/\/benandsallys.com\/en\/wp-json\/wp\/v2\/product_cat?post=643"},{"taxonomy":"product_tag","embeddable":true,"href":"https:\/\/benandsallys.com\/en\/wp-json\/wp\/v2\/product_tag?post=643"}],"curies":[{"name":"wp","href":"https:\/\/api.w.org\/{rel}","templated":true}]}}